{"id":1104,"date":"2022-12-14T07:45:50","date_gmt":"2022-12-14T07:45:50","guid":{"rendered":"https:\/\/www.hpt.com.tr\/haberler\/"},"modified":"2023-01-19T14:13:52","modified_gmt":"2023-01-19T14:13:52","slug":"news","status":"publish","type":"page","link":"https:\/\/www.hpt.com.tr\/en\/news\/","title":{"rendered":"News"},"content":{"rendered":"\t\t<div data-elementor-type=\"wp-page\" data-elementor-id=\"1104\" class=\"elementor elementor-1104 elementor-378\">\n\t\t\t\t\t\t\t\t\t<section class=\"elementor-section elementor-top-section elementor-element elementor-element-467809d elementor-section-height-min-height elementor-section-boxed elementor-section-height-default elementor-section-items-middle\" data-id=\"467809d\" data-element_type=\"section\" data-settings=\"{&quot;background_background&quot;:&quot;classic&quot;}\">\n\t\t\t\t\t\t\t<div class=\"elementor-background-overlay\"><\/div>\n\t\t\t\t\t\t\t<div class=\"elementor-container elementor-column-gap-default\">\n\t\t\t\t\t<div class=\"elementor-column elementor-col-100 elementor-top-column elementor-element elementor-element-abf3872\" data-id=\"abf3872\" data-element_type=\"column\">\n\t\t\t<div class=\"elementor-widget-wrap elementor-element-populated\">\n\t\t\t\t\t\t\t\t<div class=\"elementor-element elementor-element-ea26225 elementor-widget elementor-widget-heading\" data-id=\"ea26225\" data-element_type=\"widget\" data-widget_type=\"heading.default\">\n\t\t\t\t<div class=\"elementor-widget-container\">\n\t\t\t<style>\/*! elementor - v3.10.1 - 17-01-2023 *\/\n.elementor-heading-title{padding:0;margin:0;line-height:1}.elementor-widget-heading .elementor-heading-title[class*=elementor-size-]>a{color:inherit;font-size:inherit;line-height:inherit}.elementor-widget-heading .elementor-heading-title.elementor-size-small{font-size:15px}.elementor-widget-heading .elementor-heading-title.elementor-size-medium{font-size:19px}.elementor-widget-heading .elementor-heading-title.elementor-size-large{font-size:29px}.elementor-widget-heading .elementor-heading-title.elementor-size-xl{font-size:39px}.elementor-widget-heading .elementor-heading-title.elementor-size-xxl{font-size:59px}<\/style><h1 class=\"elementor-heading-title elementor-size-default\">News<\/h1>\t\t<\/div>\n\t\t\t\t<\/div>\n\t\t\t\t<div class=\"elementor-element elementor-element-742efa3 elementor-widget elementor-widget-heading\" data-id=\"742efa3\" data-element_type=\"widget\" data-widget_type=\"heading.default\">\n\t\t\t\t<div class=\"elementor-widget-container\">\n\t\t\t<h5 class=\"elementor-heading-title elementor-size-default\">Perfect products for the world's leading brands.<\/h5>\t\t<\/div>\n\t\t\t\t<\/div>\n\t\t\t\t\t<\/div>\n\t\t<\/div>\n\t\t\t\t\t\t\t<\/div>\n\t\t<\/section>\n\t\t\t\t<section class=\"elementor-section elementor-top-section elementor-element elementor-element-d7865ce elementor-section-boxed elementor-section-height-default elementor-section-height-default\" data-id=\"d7865ce\" data-element_type=\"section\">\n\t\t\t\t\t\t<div class=\"elementor-container elementor-column-gap-default\">\n\t\t\t\t\t<div class=\"elementor-column elementor-col-100 elementor-top-column elementor-element elementor-element-83683b4\" data-id=\"83683b4\" data-element_type=\"column\">\n\t\t\t<div class=\"elementor-widget-wrap elementor-element-populated\">\n\t\t\t\t\t\t\t\t<div class=\"elementor-element elementor-element-c14c5d2 elementor-grid-3 elementor-grid-tablet-2 elementor-grid-mobile-1 elementor-posts--thumbnail-top elementor-widget elementor-widget-posts\" data-id=\"c14c5d2\" data-element_type=\"widget\" data-settings=\"{&quot;classic_row_gap&quot;:{&quot;unit&quot;:&quot;px&quot;,&quot;size&quot;:25,&quot;sizes&quot;:[]},&quot;pagination_type&quot;:&quot;numbers_and_prev_next&quot;,&quot;classic_columns&quot;:&quot;3&quot;,&quot;classic_columns_tablet&quot;:&quot;2&quot;,&quot;classic_columns_mobile&quot;:&quot;1&quot;,&quot;classic_row_gap_tablet&quot;:{&quot;unit&quot;:&quot;px&quot;,&quot;size&quot;:&quot;&quot;,&quot;sizes&quot;:[]},&quot;classic_row_gap_mobile&quot;:{&quot;unit&quot;:&quot;px&quot;,&quot;size&quot;:&quot;&quot;,&quot;sizes&quot;:[]}}\" data-widget_type=\"posts.classic\">\n\t\t\t\t<div class=\"elementor-widget-container\">\n\t\t\t<link rel=\"stylesheet\" href=\"https:\/\/www.hpt.com.tr\/wp-content\/plugins\/elementor-pro\/assets\/css\/widget-posts.min.css\">\t\t<div class=\"elementor-posts-container elementor-posts elementor-posts--skin-classic elementor-grid\">\n\t\t\t\t<article class=\"elementor-post elementor-grid-item post-1235 post type-post status-publish format-standard has-post-thumbnail hentry category-news\">\n\t\t\t\t<a class=\"elementor-post__thumbnail__link\" href=\"https:\/\/www.hpt.com.tr\/en\/bmw-group\/\" >\n\t\t\t<div class=\"elementor-post__thumbnail\"><img loading=\"lazy\" decoding=\"async\" width=\"700\" height=\"400\" src=\"https:\/\/www.hpt.com.tr\/wp-content\/uploads\/2022\/12\/10122019-214138-hpt.jpg\" class=\"attachment-large size-large wp-image-888\" alt=\"\" srcset=\"https:\/\/www.hpt.com.tr\/wp-content\/uploads\/2022\/12\/10122019-214138-hpt.jpg 700w, https:\/\/www.hpt.com.tr\/wp-content\/uploads\/2022\/12\/10122019-214138-hpt-300x171.jpg 300w\" sizes=\"auto, (max-width: 700px) 100vw, 700px\" \/><\/div>\n\t\t<\/a>\n\t\t\t\t<div class=\"elementor-post__text\">\n\t\t\t\t<h3 class=\"elementor-post__title\">\n\t\t\t<a href=\"https:\/\/www.hpt.com.tr\/en\/bmw-group\/\" >\n\t\t\t\tBMW Group\t\t\t<\/a>\n\t\t<\/h3>\n\t\t\t\t<div class=\"elementor-post__excerpt\">\n\t\t\t<p>We have successfully completed the supplier production and quality inspection carried out by BMW GROUP on 15.10.2019. Thank you to the BMW GROUP for choosing us.<\/p>\n\t\t<\/div>\n\t\t\n\t\t<a class=\"elementor-post__read-more\" href=\"https:\/\/www.hpt.com.tr\/en\/bmw-group\/\" >\n\t\t\tREAD MORE \u00bb\t\t<\/a>\n\n\t\t\t\t<\/div>\n\t\t\t\t<\/article>\n\t\t\t\t<article class=\"elementor-post elementor-grid-item post-1236 post type-post status-publish format-standard has-post-thumbnail hentry category-news\">\n\t\t\t\t<a class=\"elementor-post__thumbnail__link\" href=\"https:\/\/www.hpt.com.tr\/en\/omp-pumps\/\" >\n\t\t\t<div class=\"elementor-post__thumbnail\"><img loading=\"lazy\" decoding=\"async\" width=\"250\" height=\"250\" src=\"https:\/\/www.hpt.com.tr\/wp-content\/uploads\/2022\/12\/10122019-214229-hpt.jpg\" class=\"attachment-large size-large wp-image-889\" alt=\"\" srcset=\"https:\/\/www.hpt.com.tr\/wp-content\/uploads\/2022\/12\/10122019-214229-hpt.jpg 250w, https:\/\/www.hpt.com.tr\/wp-content\/uploads\/2022\/12\/10122019-214229-hpt-150x150.jpg 150w\" sizes=\"auto, (max-width: 250px) 100vw, 250px\" \/><\/div>\n\t\t<\/a>\n\t\t\t\t<div class=\"elementor-post__text\">\n\t\t\t\t<h3 class=\"elementor-post__title\">\n\t\t\t<a href=\"https:\/\/www.hpt.com.tr\/en\/omp-pumps\/\" >\n\t\t\t\tOMP Pumps\t\t\t<\/a>\n\t\t<\/h3>\n\t\t\t\t<div class=\"elementor-post__excerpt\">\n\t\t\t<p>On 24.06.2019, we have successfully completed the production and quality inspection performed by our new customer OMP PUMPS. Thanks to OMP PUMPS who preferred us.<\/p>\n\t\t<\/div>\n\t\t\n\t\t<a class=\"elementor-post__read-more\" href=\"https:\/\/www.hpt.com.tr\/en\/omp-pumps\/\" >\n\t\t\tREAD MORE \u00bb\t\t<\/a>\n\n\t\t\t\t<\/div>\n\t\t\t\t<\/article>\n\t\t\t\t<article class=\"elementor-post elementor-grid-item post-1237 post type-post status-publish format-standard has-post-thumbnail hentry category-news\">\n\t\t\t\t<a class=\"elementor-post__thumbnail__link\" href=\"https:\/\/www.hpt.com.tr\/en\/otomobil-yag-pompasi-miline-hpt-damgasi\/\" >\n\t\t\t<div class=\"elementor-post__thumbnail\"><img loading=\"lazy\" decoding=\"async\" width=\"593\" height=\"474\" src=\"https:\/\/www.hpt.com.tr\/wp-content\/uploads\/2022\/12\/10062019-233157-hpt.jpg\" class=\"attachment-large size-large wp-image-890\" alt=\"\" srcset=\"https:\/\/www.hpt.com.tr\/wp-content\/uploads\/2022\/12\/10062019-233157-hpt.jpg 593w, https:\/\/www.hpt.com.tr\/wp-content\/uploads\/2022\/12\/10062019-233157-hpt-300x240.jpg 300w\" sizes=\"auto, (max-width: 593px) 100vw, 593px\" \/><\/div>\n\t\t<\/a>\n\t\t\t\t<div class=\"elementor-post__text\">\n\t\t\t\t<h3 class=\"elementor-post__title\">\n\t\t\t<a href=\"https:\/\/www.hpt.com.tr\/en\/otomobil-yag-pompasi-miline-hpt-damgasi\/\" >\n\t\t\t\tHPT brand Automobile Oil Pumps\t\t\t<\/a>\n\t\t<\/h3>\n\t\t\t\t<div class=\"elementor-post__excerpt\">\n\t\t\t<p>HPT provides 17% of the oil pumps for automobiles manufactured in Europe. HPT Hartner Teknik Parca provides 17% of the oil pumps for automobiles manufactured in Europe. Today, 3.500.000 cars out of 20 million uses HPT Hartner Oil Pump.<\/p>\n\t\t<\/div>\n\t\t\n\t\t<a class=\"elementor-post__read-more\" href=\"https:\/\/www.hpt.com.tr\/en\/otomobil-yag-pompasi-miline-hpt-damgasi\/\" >\n\t\t\tREAD MORE \u00bb\t\t<\/a>\n\n\t\t\t\t<\/div>\n\t\t\t\t<\/article>\n\t\t\t\t<article class=\"elementor-post elementor-grid-item post-1238 post type-post status-publish format-standard has-post-thumbnail hentry category-news\">\n\t\t\t\t<a class=\"elementor-post__thumbnail__link\" href=\"https:\/\/www.hpt.com.tr\/en\/he-owned-the-factory-he-worked-as-an-internee\/\" >\n\t\t\t<div class=\"elementor-post__thumbnail\"><img loading=\"lazy\" decoding=\"async\" width=\"230\" height=\"164\" src=\"https:\/\/www.hpt.com.tr\/wp-content\/uploads\/2022\/12\/10062019-232804-hpt.jpg\" class=\"attachment-large size-large wp-image-891\" alt=\"\" \/><\/div>\n\t\t<\/a>\n\t\t\t\t<div class=\"elementor-post__text\">\n\t\t\t\t<h3 class=\"elementor-post__title\">\n\t\t\t<a href=\"https:\/\/www.hpt.com.tr\/en\/he-owned-the-factory-he-worked-as-an-internee\/\" >\n\t\t\t\tHe owned the factory he worked as an internee\t\t\t<\/a>\n\t\t<\/h3>\n\t\t\t\t<div class=\"elementor-post__excerpt\">\n\t\t\t<p>\u00d6zer K\u00fc\u00e7\u00fckg\u00f6l, who studied mechanical engineering in Frankfurt, convinced HPT Hartner, who produced oil shafts, for which he did his high school internship, to invest in \u0130zmir and became his partner. K\u00fc\u00e7\u00fckg\u00f6l, who expanded his business, took over the entire company in time.<\/p>\n\t\t<\/div>\n\t\t\n\t\t<a class=\"elementor-post__read-more\" href=\"https:\/\/www.hpt.com.tr\/en\/he-owned-the-factory-he-worked-as-an-internee\/\" >\n\t\t\tREAD MORE \u00bb\t\t<\/a>\n\n\t\t\t\t<\/div>\n\t\t\t\t<\/article>\n\t\t\t\t<article class=\"elementor-post elementor-grid-item post-1239 post type-post status-publish format-standard has-post-thumbnail hentry category-news\">\n\t\t\t\t<a class=\"elementor-post__thumbnail__link\" href=\"https:\/\/www.hpt.com.tr\/en\/izka-project-completed-perfectly\/\" >\n\t\t\t<div class=\"elementor-post__thumbnail\"><img loading=\"lazy\" decoding=\"async\" width=\"800\" height=\"531\" src=\"https:\/\/www.hpt.com.tr\/wp-content\/uploads\/2022\/12\/10062019-232120-hpt.jpg\" class=\"attachment-large size-large wp-image-892\" alt=\"\" srcset=\"https:\/\/www.hpt.com.tr\/wp-content\/uploads\/2022\/12\/10062019-232120-hpt.jpg 800w, https:\/\/www.hpt.com.tr\/wp-content\/uploads\/2022\/12\/10062019-232120-hpt-300x199.jpg 300w, https:\/\/www.hpt.com.tr\/wp-content\/uploads\/2022\/12\/10062019-232120-hpt-768x510.jpg 768w\" sizes=\"auto, (max-width: 800px) 100vw, 800px\" \/><\/div>\n\t\t<\/a>\n\t\t\t\t<div class=\"elementor-post__text\">\n\t\t\t\t<h3 class=\"elementor-post__title\">\n\t\t\t<a href=\"https:\/\/www.hpt.com.tr\/en\/izka-project-completed-perfectly\/\" >\n\t\t\t\tIZKA Project completed perfectly\t\t\t<\/a>\n\t\t<\/h3>\n\t\t\t\t<div class=\"elementor-post__excerpt\">\n\t\t\t<p>Sells Parts to Europe&#8217;s Automotive Giants. HPT Hartner company, which has grown by 20% with its investment supported by \u0130ZKA, realizes 15% of the oil pump shaft production in Europe.<\/p>\n\t\t<\/div>\n\t\t\n\t\t<a class=\"elementor-post__read-more\" href=\"https:\/\/www.hpt.com.tr\/en\/izka-project-completed-perfectly\/\" >\n\t\t\tREAD MORE \u00bb\t\t<\/a>\n\n\t\t\t\t<\/div>\n\t\t\t\t<\/article>\n\t\t\t\t<article class=\"elementor-post elementor-grid-item post-1240 post type-post status-publish format-standard has-post-thumbnail hentry category-news\">\n\t\t\t\t<a class=\"elementor-post__thumbnail__link\" href=\"https:\/\/www.hpt.com.tr\/en\/we-are-producing-perfectly-with-800th-first\/\" >\n\t\t\t<div class=\"elementor-post__thumbnail\"><img loading=\"lazy\" decoding=\"async\" width=\"1024\" height=\"489\" src=\"https:\/\/www.hpt.com.tr\/wp-content\/uploads\/2022\/12\/02042019-210348-hpt-1024x489.jpg\" class=\"attachment-large size-large wp-image-894\" alt=\"\" srcset=\"https:\/\/www.hpt.com.tr\/wp-content\/uploads\/2022\/12\/02042019-210348-hpt-1024x489.jpg 1024w, https:\/\/www.hpt.com.tr\/wp-content\/uploads\/2022\/12\/02042019-210348-hpt-300x143.jpg 300w, https:\/\/www.hpt.com.tr\/wp-content\/uploads\/2022\/12\/02042019-210348-hpt-768x367.jpg 768w, https:\/\/www.hpt.com.tr\/wp-content\/uploads\/2022\/12\/02042019-210348-hpt.jpg 1200w\" sizes=\"auto, (max-width: 1024px) 100vw, 1024px\" \/><\/div>\n\t\t<\/a>\n\t\t\t\t<div class=\"elementor-post__text\">\n\t\t\t\t<h3 class=\"elementor-post__title\">\n\t\t\t<a href=\"https:\/\/www.hpt.com.tr\/en\/we-are-producing-perfectly-with-800th-first\/\" >\n\t\t\t\t\u201cWe are producing perfectly with 800th First\u201d\t\t\t<\/a>\n\t\t<\/h3>\n\t\t\t\t<div class=\"elementor-post__excerpt\">\n\t\t\t<p>How did you meet the industry? In 1977, when I was still a child, I was at EMO Hannover as a translator for an industrialist from Izmir. This is how I met the industry. After 1987, I took part in the industry as a young engineer.<\/p>\n\t\t<\/div>\n\t\t\n\t\t<a class=\"elementor-post__read-more\" href=\"https:\/\/www.hpt.com.tr\/en\/we-are-producing-perfectly-with-800th-first\/\" >\n\t\t\tREAD MORE \u00bb\t\t<\/a>\n\n\t\t\t\t<\/div>\n\t\t\t\t<\/article>\n\t\t\t\t<article class=\"elementor-post elementor-grid-item post-1241 post type-post status-publish format-standard has-post-thumbnail hentry category-news\">\n\t\t\t\t<a class=\"elementor-post__thumbnail__link\" href=\"https:\/\/www.hpt.com.tr\/en\/from-past-to-present-hpt-hartner\/\" >\n\t\t\t<div class=\"elementor-post__thumbnail\"><img loading=\"lazy\" decoding=\"async\" width=\"964\" height=\"900\" src=\"https:\/\/www.hpt.com.tr\/wp-content\/uploads\/2022\/12\/02042019-210140-hpt-1.jpg\" class=\"attachment-large size-large wp-image-896\" alt=\"\" srcset=\"https:\/\/www.hpt.com.tr\/wp-content\/uploads\/2022\/12\/02042019-210140-hpt-1.jpg 964w, https:\/\/www.hpt.com.tr\/wp-content\/uploads\/2022\/12\/02042019-210140-hpt-1-300x280.jpg 300w, https:\/\/www.hpt.com.tr\/wp-content\/uploads\/2022\/12\/02042019-210140-hpt-1-768x717.jpg 768w\" sizes=\"auto, (max-width: 964px) 100vw, 964px\" \/><\/div>\n\t\t<\/a>\n\t\t\t\t<div class=\"elementor-post__text\">\n\t\t\t\t<h3 class=\"elementor-post__title\">\n\t\t\t<a href=\"https:\/\/www.hpt.com.tr\/en\/from-past-to-present-hpt-hartner\/\" >\n\t\t\t\tFrom Past to Present : HPT Hartner\t\t\t<\/a>\n\t\t<\/h3>\n\t\t\t\t<div class=\"elementor-post__excerpt\">\n\t\t\t<p>\u00d6zer K\u00fc\u00e7\u00fckg\u00f6l, who made HPT Hartner a world-class manufacturer, is someone who is overflowing with a love of life as well as a love of manufacturing. Active, dynamic and cheerful enough to astonish the first acquaintance\u2026<\/p>\n\t\t<\/div>\n\t\t\n\t\t<a class=\"elementor-post__read-more\" href=\"https:\/\/www.hpt.com.tr\/en\/from-past-to-present-hpt-hartner\/\" >\n\t\t\tREAD MORE \u00bb\t\t<\/a>\n\n\t\t\t\t<\/div>\n\t\t\t\t<\/article>\n\t\t\t\t<article class=\"elementor-post elementor-grid-item post-1242 post type-post status-publish format-standard has-post-thumbnail hentry category-news\">\n\t\t\t\t<a class=\"elementor-post__thumbnail__link\" href=\"https:\/\/www.hpt.com.tr\/en\/he-took-possesion-of-the-company-he-worked-in-germany\/\" >\n\t\t\t<div class=\"elementor-post__thumbnail\"><img loading=\"lazy\" decoding=\"async\" width=\"659\" height=\"460\" src=\"https:\/\/www.hpt.com.tr\/wp-content\/uploads\/2022\/12\/02042019-204349-hpt.jpg\" class=\"attachment-large size-large wp-image-897\" alt=\"\" srcset=\"https:\/\/www.hpt.com.tr\/wp-content\/uploads\/2022\/12\/02042019-204349-hpt.jpg 659w, https:\/\/www.hpt.com.tr\/wp-content\/uploads\/2022\/12\/02042019-204349-hpt-300x209.jpg 300w\" sizes=\"auto, (max-width: 659px) 100vw, 659px\" \/><\/div>\n\t\t<\/a>\n\t\t\t\t<div class=\"elementor-post__text\">\n\t\t\t\t<h3 class=\"elementor-post__title\">\n\t\t\t<a href=\"https:\/\/www.hpt.com.tr\/en\/he-took-possesion-of-the-company-he-worked-in-germany\/\" >\n\t\t\t\tHe took possesion of the company he worked in Germany\t\t\t<\/a>\n\t\t<\/h3>\n\t\t\t\t<div class=\"elementor-post__excerpt\">\n\t\t\t<p>\u00d6zcan K\u00fc\u00e7\u00fckg\u00f6l, a mechanical engineer and entrepreneur, who convinced the bosses of the automotive company HPT Hartner, where he worked in Germany, to invest in \u0130zmir, became the owner of the factory by expanding the business with new investments. Bringing the factory to the Aegean Free Zone from Frankfurt, K\u00fc\u00e7\u00fckg\u00f6l said, &#8220;It is my greatest honor to produce and create employment in my country.&#8221;<\/p>\n\t\t<\/div>\n\t\t\n\t\t<a class=\"elementor-post__read-more\" href=\"https:\/\/www.hpt.com.tr\/en\/he-took-possesion-of-the-company-he-worked-in-germany\/\" >\n\t\t\tREAD MORE \u00bb\t\t<\/a>\n\n\t\t\t\t<\/div>\n\t\t\t\t<\/article>\n\t\t\t\t<article class=\"elementor-post elementor-grid-item post-1243 post type-post status-publish format-standard has-post-thumbnail hentry category-news\">\n\t\t\t\t<a class=\"elementor-post__thumbnail__link\" href=\"https:\/\/www.hpt.com.tr\/en\/started-working-as-an-internee-then-he-owned-the-company\/\" >\n\t\t\t<div class=\"elementor-post__thumbnail\"><img loading=\"lazy\" decoding=\"async\" width=\"693\" height=\"900\" src=\"https:\/\/www.hpt.com.tr\/wp-content\/uploads\/2022\/12\/02042019-205242-hpt.jpg\" class=\"attachment-large size-large wp-image-898\" alt=\"\" srcset=\"https:\/\/www.hpt.com.tr\/wp-content\/uploads\/2022\/12\/02042019-205242-hpt.jpg 693w, https:\/\/www.hpt.com.tr\/wp-content\/uploads\/2022\/12\/02042019-205242-hpt-231x300.jpg 231w\" sizes=\"auto, (max-width: 693px) 100vw, 693px\" \/><\/div>\n\t\t<\/a>\n\t\t\t\t<div class=\"elementor-post__text\">\n\t\t\t\t<h3 class=\"elementor-post__title\">\n\t\t\t<a href=\"https:\/\/www.hpt.com.tr\/en\/started-working-as-an-internee-then-he-owned-the-company\/\" >\n\t\t\t\tStarted working as an internee, then he owned the company\t\t\t<\/a>\n\t\t<\/h3>\n\t\t\t\t<div class=\"elementor-post__excerpt\">\n\t\t\t<p>Everything starts at the Hannover EMO Fair, which he attends with an industrialist family friend. The magical world of metal also guides the choice of education.<\/p>\n\t\t<\/div>\n\t\t\n\t\t<a class=\"elementor-post__read-more\" href=\"https:\/\/www.hpt.com.tr\/en\/started-working-as-an-internee-then-he-owned-the-company\/\" >\n\t\t\tREAD MORE \u00bb\t\t<\/a>\n\n\t\t\t\t<\/div>\n\t\t\t\t<\/article>\n\t\t\t\t<article class=\"elementor-post elementor-grid-item post-1244 post type-post status-publish format-standard has-post-thumbnail hentry category-news\">\n\t\t\t\t<a class=\"elementor-post__thumbnail__link\" href=\"https:\/\/www.hpt.com.tr\/en\/hpt-hartner-increases-share-in-europe-to-15-percent\/\" >\n\t\t\t<div class=\"elementor-post__thumbnail\"><img loading=\"lazy\" decoding=\"async\" width=\"600\" height=\"400\" src=\"https:\/\/www.hpt.com.tr\/wp-content\/uploads\/2022\/12\/02042019-194343-hpt.jpg\" class=\"attachment-large size-large wp-image-901\" alt=\"\" srcset=\"https:\/\/www.hpt.com.tr\/wp-content\/uploads\/2022\/12\/02042019-194343-hpt.jpg 600w, https:\/\/www.hpt.com.tr\/wp-content\/uploads\/2022\/12\/02042019-194343-hpt-300x200.jpg 300w\" sizes=\"auto, (max-width: 600px) 100vw, 600px\" \/><\/div>\n\t\t<\/a>\n\t\t\t\t<div class=\"elementor-post__text\">\n\t\t\t\t<h3 class=\"elementor-post__title\">\n\t\t\t<a href=\"https:\/\/www.hpt.com.tr\/en\/hpt-hartner-increases-share-in-europe-to-15-percent\/\" >\n\t\t\t\tHPT Hartner increases share in Europe to 15 percent\t\t\t<\/a>\n\t\t<\/h3>\n\t\t\t\t<div class=\"elementor-post__excerpt\">\n\t\t\t<p>Chief Executive of HPT Hartner : `We are producing for world automotive giants like Mercedes-Benz, Volvo, BMW.`<\/p>\n\t\t<\/div>\n\t\t\n\t\t<a class=\"elementor-post__read-more\" href=\"https:\/\/www.hpt.com.tr\/en\/hpt-hartner-increases-share-in-europe-to-15-percent\/\" >\n\t\t\tREAD MORE \u00bb\t\t<\/a>\n\n\t\t\t\t<\/div>\n\t\t\t\t<\/article>\n\t\t\t\t<\/div>\n\t\t\n\t\t\t\t<\/div>\n\t\t\t\t<\/div>\n\t\t\t\t\t<\/div>\n\t\t<\/div>\n\t\t\t\t\t\t\t<\/div>\n\t\t<\/section>\n\t\t\t\t\t\t\t<\/div>\n\t\t","protected":false},"excerpt":{"rendered":"<p>Perfect products for the world&#8217;s leading brands.<\/p>\n","protected":false},"author":1,"featured_media":0,"parent":0,"menu_order":0,"comment_status":"closed","ping_status":"closed","template":"","meta":{"site-sidebar-layout":"no-sidebar","site-content-layout":"page-builder","ast-global-header-display":"","ast-main-header-display":"","ast-hfb-above-header-display":"","ast-hfb-below-header-display":"","ast-hfb-mobile-header-display":"","site-post-title":"disabled","ast-breadcrumbs-content":"","ast-featured-img":"disabled","footer-sml-layout":"","theme-transparent-header-meta":"default","adv-header-id-meta":"","stick-header-meta":"","header-above-stick-meta":"","header-main-stick-meta":"","header-below-stick-meta":"","footnotes":""},"class_list":["post-1104","page","type-page","status-publish","hentry"],"_links":{"self":[{"href":"https:\/\/www.hpt.com.tr\/en\/wp-json\/wp\/v2\/pages\/1104","targetHints":{"allow":["GET"]}}],"collection":[{"href":"https:\/\/www.hpt.com.tr\/en\/wp-json\/wp\/v2\/pages"}],"about":[{"href":"https:\/\/www.hpt.com.tr\/en\/wp-json\/wp\/v2\/types\/page"}],"author":[{"embeddable":true,"href":"https:\/\/www.hpt.com.tr\/en\/wp-json\/wp\/v2\/users\/1"}],"replies":[{"embeddable":true,"href":"https:\/\/www.hpt.com.tr\/en\/wp-json\/wp\/v2\/comments?post=1104"}],"version-history":[{"count":7,"href":"https:\/\/www.hpt.com.tr\/en\/wp-json\/wp\/v2\/pages\/1104\/revisions"}],"predecessor-version":[{"id":1248,"href":"https:\/\/www.hpt.com.tr\/en\/wp-json\/wp\/v2\/pages\/1104\/revisions\/1248"}],"wp:attachment":[{"href":"https:\/\/www.hpt.com.tr\/en\/wp-json\/wp\/v2\/media?parent=1104"}],"curies":[{"name":"wp","href":"https:\/\/api.w.org\/{rel}","templated":true}]}}