{"id":1695,"date":"2022-11-28T14:36:21","date_gmt":"2022-11-28T14:36:21","guid":{"rendered":"https:\/\/www.hpt.com.tr\/kurumsal\/"},"modified":"2023-02-03T08:11:37","modified_gmt":"2023-02-03T08:11:37","slug":"unternehmen","status":"publish","type":"page","link":"https:\/\/www.hpt.com.tr\/de\/unternehmen\/","title":{"rendered":"Unternehmen"},"content":{"rendered":"\t\t<div data-elementor-type=\"wp-page\" data-elementor-id=\"1695\" class=\"elementor elementor-1695 elementor-110\">\n\t\t\t\t\t\t\t\t\t<section class=\"elementor-section elementor-top-section elementor-element elementor-element-467809d elementor-section-height-min-height elementor-section-boxed elementor-section-height-default elementor-section-items-middle\" data-id=\"467809d\" data-element_type=\"section\" data-settings=\"{&quot;background_background&quot;:&quot;classic&quot;}\">\n\t\t\t\t\t\t\t<div class=\"elementor-background-overlay\"><\/div>\n\t\t\t\t\t\t\t<div class=\"elementor-container elementor-column-gap-default\">\n\t\t\t\t\t<div class=\"elementor-column elementor-col-100 elementor-top-column elementor-element elementor-element-abf3872\" data-id=\"abf3872\" data-element_type=\"column\">\n\t\t\t<div class=\"elementor-widget-wrap elementor-element-populated\">\n\t\t\t\t\t\t\t\t<div class=\"elementor-element elementor-element-ea26225 elementor-widget elementor-widget-heading\" data-id=\"ea26225\" data-element_type=\"widget\" data-widget_type=\"heading.default\">\n\t\t\t\t<div class=\"elementor-widget-container\">\n\t\t\t<style>\/*! elementor - v3.10.1 - 17-01-2023 *\/\n.elementor-heading-title{padding:0;margin:0;line-height:1}.elementor-widget-heading .elementor-heading-title[class*=elementor-size-]>a{color:inherit;font-size:inherit;line-height:inherit}.elementor-widget-heading .elementor-heading-title.elementor-size-small{font-size:15px}.elementor-widget-heading .elementor-heading-title.elementor-size-medium{font-size:19px}.elementor-widget-heading .elementor-heading-title.elementor-size-large{font-size:29px}.elementor-widget-heading .elementor-heading-title.elementor-size-xl{font-size:39px}.elementor-widget-heading .elementor-heading-title.elementor-size-xxl{font-size:59px}<\/style><h1 class=\"elementor-heading-title elementor-size-default\">Produktion, Qualit\u00e4t<br>\nund Logistik<\/h1>\t\t<\/div>\n\t\t\t\t<\/div>\n\t\t\t\t<div class=\"elementor-element elementor-element-742efa3 elementor-widget elementor-widget-heading\" data-id=\"742efa3\" data-element_type=\"widget\" data-widget_type=\"heading.default\">\n\t\t\t\t<div class=\"elementor-widget-container\">\n\t\t\t<h5 class=\"elementor-heading-title elementor-size-default\">Perfekte Produktion f\u00fcr die f\u00fchrenden Marken der Welt.<\/h5>\t\t<\/div>\n\t\t\t\t<\/div>\n\t\t\t\t\t<\/div>\n\t\t<\/div>\n\t\t\t\t\t\t\t<\/div>\n\t\t<\/section>\n\t\t\t\t<section class=\"elementor-section elementor-top-section elementor-element elementor-element-d7865ce elementor-section-boxed elementor-section-height-default elementor-section-height-default\" data-id=\"d7865ce\" data-element_type=\"section\">\n\t\t\t\t\t\t<div class=\"elementor-container elementor-column-gap-default\">\n\t\t\t\t\t<div class=\"elementor-column elementor-col-100 elementor-top-column elementor-element elementor-element-83683b4\" data-id=\"83683b4\" data-element_type=\"column\">\n\t\t\t<div class=\"elementor-widget-wrap elementor-element-populated\">\n\t\t\t\t\t\t\t\t<div class=\"elementor-element elementor-element-ab0c7ff elementor-widget elementor-widget-heading\" data-id=\"ab0c7ff\" data-element_type=\"widget\" data-widget_type=\"heading.default\">\n\t\t\t\t<div class=\"elementor-widget-container\">\n\t\t\t<h2 class=\"elementor-heading-title elementor-size-default\">\u00dcBER HPT<\/h2>\t\t<\/div>\n\t\t\t\t<\/div>\n\t\t\t\t<section class=\"elementor-section elementor-inner-section elementor-element elementor-element-6df43a2 elementor-section-content-middle elementor-section-boxed elementor-section-height-default elementor-section-height-default\" data-id=\"6df43a2\" data-element_type=\"section\">\n\t\t\t\t\t\t<div class=\"elementor-container elementor-column-gap-default\">\n\t\t\t\t\t<div class=\"elementor-column elementor-col-50 elementor-inner-column elementor-element elementor-element-41d1548\" data-id=\"41d1548\" data-element_type=\"column\">\n\t\t\t<div class=\"elementor-widget-wrap elementor-element-populated\">\n\t\t\t\t\t\t\t\t<div class=\"elementor-element elementor-element-63fb417 elementor-widget elementor-widget-image\" data-id=\"63fb417\" data-element_type=\"widget\" data-widget_type=\"image.default\">\n\t\t\t\t<div class=\"elementor-widget-container\">\n\t\t\t<style>\/*! elementor - v3.10.1 - 17-01-2023 *\/\n.elementor-widget-image{text-align:center}.elementor-widget-image a{display:inline-block}.elementor-widget-image a img[src$=\".svg\"]{width:48px}.elementor-widget-image img{vertical-align:middle;display:inline-block}<\/style>\t\t\t\t\t\t\t\t\t\t\t\t<img loading=\"lazy\" decoding=\"async\" width=\"600\" height=\"400\" src=\"https:\/\/www.hpt.com.tr\/wp-content\/uploads\/2022\/12\/26112012-114751-hpt-about.jpeg\" class=\"attachment-full size-full wp-image-1393\" alt=\"\" srcset=\"https:\/\/www.hpt.com.tr\/wp-content\/uploads\/2022\/12\/26112012-114751-hpt-about.jpeg 600w, https:\/\/www.hpt.com.tr\/wp-content\/uploads\/2022\/12\/26112012-114751-hpt-about-300x200.jpeg 300w\" sizes=\"auto, (max-width: 600px) 100vw, 600px\" \/>\t\t\t\t\t\t\t\t\t\t\t\t\t\t\t<\/div>\n\t\t\t\t<\/div>\n\t\t\t\t\t<\/div>\n\t\t<\/div>\n\t\t\t\t<div class=\"elementor-column elementor-col-50 elementor-inner-column elementor-element elementor-element-ae241ec\" data-id=\"ae241ec\" data-element_type=\"column\">\n\t\t\t<div class=\"elementor-widget-wrap elementor-element-populated\">\n\t\t\t\t\t\t\t\t<div class=\"elementor-element elementor-element-a873515 elementor-widget elementor-widget-text-editor\" data-id=\"a873515\" data-element_type=\"widget\" data-widget_type=\"text-editor.default\">\n\t\t\t\t<div class=\"elementor-widget-container\">\n\t\t\t<style>\/*! elementor - v3.10.1 - 17-01-2023 *\/\n.elementor-widget-text-editor.elementor-drop-cap-view-stacked .elementor-drop-cap{background-color:#818a91;color:#fff}.elementor-widget-text-editor.elementor-drop-cap-view-framed .elementor-drop-cap{color:#818a91;border:3px solid;background-color:transparent}.elementor-widget-text-editor:not(.elementor-drop-cap-view-default) .elementor-drop-cap{margin-top:8px}.elementor-widget-text-editor:not(.elementor-drop-cap-view-default) .elementor-drop-cap-letter{width:1em;height:1em}.elementor-widget-text-editor .elementor-drop-cap{float:left;text-align:center;line-height:1;font-size:50px}.elementor-widget-text-editor .elementor-drop-cap-letter{display:inline-block}<\/style>\t\t\t\t<p>1989 in Deutschland als HPT Hartner Pr\u00e4zisionstechnik GmbH gegr\u00fcndet, stieg unser Unternehmen mit der Herstellung von Pr\u00e4zisions-Sonderwerkzeugen in die Zerspanungsbranche ein.<\/p><p>Um im wachsenden und sich entwickelnden Produktionssektor wettbewerbsf\u00e4higer zu sein und neue M\u00e4rkte unter dem Namen HPT erschlie\u00dfen zu k\u00f6nnen, begann das Unternehmen 1996 unter dem Namen HPT Hartner Technical Parts in der Aegean Free Zone mit der Herstellung von \u00d6lpumpenwellen und Pr\u00e4zisions-Spezialwerkzeugen f\u00fcr den internationalen Automobilsektor, insbesondere in Deutschland.<\/p>\t\t\t\t\t\t<\/div>\n\t\t\t\t<\/div>\n\t\t\t\t\t<\/div>\n\t\t<\/div>\n\t\t\t\t\t\t\t<\/div>\n\t\t<\/section>\n\t\t\t\t<section class=\"elementor-section elementor-inner-section elementor-element elementor-element-93c5cca elementor-section-content-middle elementor-reverse-mobile elementor-section-boxed elementor-section-height-default elementor-section-height-default\" data-id=\"93c5cca\" data-element_type=\"section\">\n\t\t\t\t\t\t<div class=\"elementor-container elementor-column-gap-default\">\n\t\t\t\t\t<div class=\"elementor-column elementor-col-50 elementor-inner-column elementor-element elementor-element-d28ae41\" data-id=\"d28ae41\" data-element_type=\"column\">\n\t\t\t<div class=\"elementor-widget-wrap elementor-element-populated\">\n\t\t\t\t\t\t\t\t<div class=\"elementor-element elementor-element-b6c585a elementor-widget elementor-widget-heading\" data-id=\"b6c585a\" data-element_type=\"widget\" data-widget_type=\"heading.default\">\n\t\t\t\t<div class=\"elementor-widget-container\">\n\t\t\t<h4 class=\"elementor-heading-title elementor-size-default\">UNSERE VISION<\/h4>\t\t<\/div>\n\t\t\t\t<\/div>\n\t\t\t\t<div class=\"elementor-element elementor-element-77af750 elementor-widget elementor-widget-text-editor\" data-id=\"77af750\" data-element_type=\"widget\" data-widget_type=\"text-editor.default\">\n\t\t\t\t<div class=\"elementor-widget-container\">\n\t\t\t\t\t\t\t<p>Die Nummer eins in unserem Sektor zu sein, indem wir die Erwartungen unserer Kunden, fortschrittliche Technologien und Entwicklungen kontinuierlich verfolgen, unsere Produktqualit\u00e4t mit verbesserten L\u00f6sungen erf\u00fcllen und das Beste tun, was wir tun k\u00f6nnen, unsere Produktivit\u00e4t, unseren Umsatz und unsere Rentabilit\u00e4t mit unseren langfristigen Studien steigern, um eine erfolgreiche, dauerhafte und gesch\u00e4tzte Institution in der T\u00fcrkei und eine internationale Plattform in diesem Sektor zu sein.<\/p>\t\t\t\t\t\t<\/div>\n\t\t\t\t<\/div>\n\t\t\t\t\t<\/div>\n\t\t<\/div>\n\t\t\t\t<div class=\"elementor-column elementor-col-50 elementor-inner-column elementor-element elementor-element-fd62db1\" data-id=\"fd62db1\" data-element_type=\"column\">\n\t\t\t<div class=\"elementor-widget-wrap elementor-element-populated\">\n\t\t\t\t\t\t\t\t<div class=\"elementor-element elementor-element-264e709 elementor-widget elementor-widget-image\" data-id=\"264e709\" data-element_type=\"widget\" data-widget_type=\"image.default\">\n\t\t\t\t<div class=\"elementor-widget-container\">\n\t\t\t\t\t\t\t\t\t\t\t\t\t\t\t<img loading=\"lazy\" decoding=\"async\" width=\"1201\" height=\"734\" src=\"https:\/\/www.hpt.com.tr\/wp-content\/uploads\/2022\/11\/hpt-vizyon-photo2x-80.jpg\" class=\"attachment-full size-full wp-image-1391\" alt=\"\" srcset=\"https:\/\/www.hpt.com.tr\/wp-content\/uploads\/2022\/11\/hpt-vizyon-photo2x-80.jpg 1201w, https:\/\/www.hpt.com.tr\/wp-content\/uploads\/2022\/11\/hpt-vizyon-photo2x-80-300x183.jpg 300w, https:\/\/www.hpt.com.tr\/wp-content\/uploads\/2022\/11\/hpt-vizyon-photo2x-80-1024x626.jpg 1024w, https:\/\/www.hpt.com.tr\/wp-content\/uploads\/2022\/11\/hpt-vizyon-photo2x-80-768x469.jpg 768w\" sizes=\"auto, (max-width: 1201px) 100vw, 1201px\" \/>\t\t\t\t\t\t\t\t\t\t\t\t\t\t\t<\/div>\n\t\t\t\t<\/div>\n\t\t\t\t\t<\/div>\n\t\t<\/div>\n\t\t\t\t\t\t\t<\/div>\n\t\t<\/section>\n\t\t\t\t<section class=\"elementor-section elementor-inner-section elementor-element elementor-element-283ae58 elementor-section-content-middle elementor-section-boxed elementor-section-height-default elementor-section-height-default\" data-id=\"283ae58\" data-element_type=\"section\">\n\t\t\t\t\t\t<div class=\"elementor-container elementor-column-gap-default\">\n\t\t\t\t\t<div class=\"elementor-column elementor-col-50 elementor-inner-column elementor-element elementor-element-2919cfb\" data-id=\"2919cfb\" data-element_type=\"column\">\n\t\t\t<div class=\"elementor-widget-wrap elementor-element-populated\">\n\t\t\t\t\t\t\t\t<div class=\"elementor-element elementor-element-2ff9d25 elementor-widget elementor-widget-image\" data-id=\"2ff9d25\" data-element_type=\"widget\" data-widget_type=\"image.default\">\n\t\t\t\t<div class=\"elementor-widget-container\">\n\t\t\t\t\t\t\t\t\t\t\t\t\t\t\t<img loading=\"lazy\" decoding=\"async\" width=\"1202\" height=\"734\" src=\"https:\/\/www.hpt.com.tr\/wp-content\/uploads\/2022\/11\/hpt-misyon-photo2x-80.jpg\" class=\"attachment-full size-full wp-image-1392\" alt=\"\" srcset=\"https:\/\/www.hpt.com.tr\/wp-content\/uploads\/2022\/11\/hpt-misyon-photo2x-80.jpg 1202w, https:\/\/www.hpt.com.tr\/wp-content\/uploads\/2022\/11\/hpt-misyon-photo2x-80-300x183.jpg 300w, https:\/\/www.hpt.com.tr\/wp-content\/uploads\/2022\/11\/hpt-misyon-photo2x-80-1024x625.jpg 1024w, https:\/\/www.hpt.com.tr\/wp-content\/uploads\/2022\/11\/hpt-misyon-photo2x-80-768x469.jpg 768w\" sizes=\"auto, (max-width: 1202px) 100vw, 1202px\" \/>\t\t\t\t\t\t\t\t\t\t\t\t\t\t\t<\/div>\n\t\t\t\t<\/div>\n\t\t\t\t\t<\/div>\n\t\t<\/div>\n\t\t\t\t<div class=\"elementor-column elementor-col-50 elementor-inner-column elementor-element elementor-element-775566e\" data-id=\"775566e\" data-element_type=\"column\">\n\t\t\t<div class=\"elementor-widget-wrap elementor-element-populated\">\n\t\t\t\t\t\t\t\t<div class=\"elementor-element elementor-element-00b5184 elementor-widget elementor-widget-heading\" data-id=\"00b5184\" data-element_type=\"widget\" data-widget_type=\"heading.default\">\n\t\t\t\t<div class=\"elementor-widget-container\">\n\t\t\t<h4 class=\"elementor-heading-title elementor-size-default\">UNSERE MISSION<\/h4>\t\t<\/div>\n\t\t\t\t<\/div>\n\t\t\t\t<div class=\"elementor-element elementor-element-a54109f elementor-widget elementor-widget-text-editor\" data-id=\"a54109f\" data-element_type=\"widget\" data-widget_type=\"text-editor.default\">\n\t\t\t\t<div class=\"elementor-widget-container\">\n\t\t\t\t\t\t\t<ul><li>Die aktuellen und zuk\u00fcnftigen Bed\u00fcrfnisse und Erwartungen unserer Kunden mit unseren zuverl\u00e4ssigen, funktionalen und qualitativ hochwertigen Produkten zu erf\u00fcllen und dabei die Ressourcen m\u00f6glichst effizient zu nutzen.<\/li><li>Ein effizientes, rentables und f\u00fcr unser Land vorteilhaftes Unternehmen zu sein, das Qualit\u00e4tsprodukte herstellt, ein kontinuierliches Wachstum anstrebt und keine Kompromisse bei den sozialen und \u00f6kologischen Werten eingeht.<\/li><li>Schaffung und Aufrechterhaltung eines sicheren, friedlichen, transparenten und demokratischen Umfelds durch professionelle Zusammenarbeit mit unseren Mitarbeitern, Partnern, Kunden, Produkt- und Dienstleistungsanbietern mit einer Team-Philosophie.<\/li><li>Unsere erfolgreiche Position im globalen Sektor durch die Teilnahme an kontinuierlichen und erneuerten Qualit\u00e4tssystemen mit einem besseren Verst\u00e4ndnis von Qualit\u00e4t in der Produktion und im Service aufrechtzuerhalten, indem wir fortschrittliche, moderne Technologie unter Ber\u00fccksichtigung zeitgem\u00e4\u00dfer Managementprinzipien mit unserem verst\u00e4rkten Maschinenpark anwenden.<\/li><\/ul>\t\t\t\t\t\t<\/div>\n\t\t\t\t<\/div>\n\t\t\t\t\t<\/div>\n\t\t<\/div>\n\t\t\t\t\t\t\t<\/div>\n\t\t<\/section>\n\t\t\t\t\t<\/div>\n\t\t<\/div>\n\t\t\t\t\t\t\t<\/div>\n\t\t<\/section>\n\t\t\t\t\t\t\t<\/div>\n\t\t","protected":false},"excerpt":{"rendered":"<p>Produktion, Qualit\u00e4t und Logistik Perfekte Produktion f\u00fcr die f\u00fchrenden Marken der Welt. \u00dcBER HPT 1989 in Deutschland als HPT Hartner Pr\u00e4zisionstechnik GmbH gegr\u00fcndet, stieg unser Unternehmen mit der Herstellung von Pr\u00e4zisions-Sonderwerkzeugen in die Zerspanungsbranche ein. Um im wachsenden und sich entwickelnden Produktionssektor wettbewerbsf\u00e4higer zu sein und neue M\u00e4rkte unter dem Namen HPT erschlie\u00dfen zu k\u00f6nnen, &hellip;<\/p>\n<p class=\"read-more\"> <a class=\"\" href=\"https:\/\/www.hpt.com.tr\/de\/unternehmen\/\"> <span class=\"screen-reader-text\">Unternehmen<\/span> Weiterlesen &raquo;<\/a><\/p>\n","protected":false},"author":1,"featured_media":0,"parent":0,"menu_order":0,"comment_status":"closed","ping_status":"closed","template":"","meta":{"site-sidebar-layout":"no-sidebar","site-content-layout":"page-builder","ast-global-header-display":"","ast-main-header-display":"","ast-hfb-above-header-display":"","ast-hfb-below-header-display":"","ast-hfb-mobile-header-display":"","site-post-title":"disabled","ast-breadcrumbs-content":"","ast-featured-img":"disabled","footer-sml-layout":"","theme-transparent-header-meta":"default","adv-header-id-meta":"","stick-header-meta":"","header-above-stick-meta":"","header-main-stick-meta":"","header-below-stick-meta":"","footnotes":""},"class_list":["post-1695","page","type-page","status-publish","hentry"],"_links":{"self":[{"href":"https:\/\/www.hpt.com.tr\/de\/wp-json\/wp\/v2\/pages\/1695","targetHints":{"allow":["GET"]}}],"collection":[{"href":"https:\/\/www.hpt.com.tr\/de\/wp-json\/wp\/v2\/pages"}],"about":[{"href":"https:\/\/www.hpt.com.tr\/de\/wp-json\/wp\/v2\/types\/page"}],"author":[{"embeddable":true,"href":"https:\/\/www.hpt.com.tr\/de\/wp-json\/wp\/v2\/users\/1"}],"replies":[{"embeddable":true,"href":"https:\/\/www.hpt.com.tr\/de\/wp-json\/wp\/v2\/comments?post=1695"}],"version-history":[{"count":4,"href":"https:\/\/www.hpt.com.tr\/de\/wp-json\/wp\/v2\/pages\/1695\/revisions"}],"predecessor-version":[{"id":1749,"href":"https:\/\/www.hpt.com.tr\/de\/wp-json\/wp\/v2\/pages\/1695\/revisions\/1749"}],"wp:attachment":[{"href":"https:\/\/www.hpt.com.tr\/de\/wp-json\/wp\/v2\/media?parent=1695"}],"curies":[{"name":"wp","href":"https:\/\/api.w.org\/{rel}","templated":true}]}}