{"id":1691,"date":"2022-12-08T13:59:14","date_gmt":"2022-12-08T13:59:14","guid":{"rendered":"https:\/\/www.hpt.com.tr\/kalite-hedeflerimiz\/"},"modified":"2023-02-03T11:31:30","modified_gmt":"2023-02-03T11:31:30","slug":"unsere-qualitaetsziele","status":"publish","type":"page","link":"https:\/\/www.hpt.com.tr\/de\/unsere-qualitaetsziele\/","title":{"rendered":"Unsere Qualit\u00e4tsziele"},"content":{"rendered":"\t\t<div data-elementor-type=\"wp-page\" data-elementor-id=\"1691\" class=\"elementor elementor-1691 elementor-232\">\n\t\t\t\t\t\t\t\t\t<section class=\"elementor-section elementor-top-section elementor-element elementor-element-467809d elementor-section-height-min-height elementor-section-boxed elementor-section-height-default elementor-section-items-middle\" data-id=\"467809d\" data-element_type=\"section\" data-settings=\"{&quot;background_background&quot;:&quot;classic&quot;}\">\n\t\t\t\t\t\t\t<div class=\"elementor-background-overlay\"><\/div>\n\t\t\t\t\t\t\t<div class=\"elementor-container elementor-column-gap-default\">\n\t\t\t\t\t<div class=\"elementor-column elementor-col-100 elementor-top-column elementor-element elementor-element-abf3872\" data-id=\"abf3872\" data-element_type=\"column\">\n\t\t\t<div class=\"elementor-widget-wrap elementor-element-populated\">\n\t\t\t\t\t\t\t\t<div class=\"elementor-element elementor-element-ea26225 elementor-widget elementor-widget-heading\" data-id=\"ea26225\" data-element_type=\"widget\" data-widget_type=\"heading.default\">\n\t\t\t\t<div class=\"elementor-widget-container\">\n\t\t\t<style>\/*! elementor - v3.10.1 - 17-01-2023 *\/\n.elementor-heading-title{padding:0;margin:0;line-height:1}.elementor-widget-heading .elementor-heading-title[class*=elementor-size-]>a{color:inherit;font-size:inherit;line-height:inherit}.elementor-widget-heading .elementor-heading-title.elementor-size-small{font-size:15px}.elementor-widget-heading .elementor-heading-title.elementor-size-medium{font-size:19px}.elementor-widget-heading .elementor-heading-title.elementor-size-large{font-size:29px}.elementor-widget-heading .elementor-heading-title.elementor-size-xl{font-size:39px}.elementor-widget-heading .elementor-heading-title.elementor-size-xxl{font-size:59px}<\/style><h1 class=\"elementor-heading-title elementor-size-default\">Unsere Qualit\u00e4tsziele<\/h1>\t\t<\/div>\n\t\t\t\t<\/div>\n\t\t\t\t<div class=\"elementor-element elementor-element-742efa3 elementor-widget elementor-widget-heading\" data-id=\"742efa3\" data-element_type=\"widget\" data-widget_type=\"heading.default\">\n\t\t\t\t<div class=\"elementor-widget-container\">\n\t\t\t<h5 class=\"elementor-heading-title elementor-size-default\">Perfekte Produkte f\u00fcr die f\u00fchrenden Marken der Welt.<\/h5>\t\t<\/div>\n\t\t\t\t<\/div>\n\t\t\t\t\t<\/div>\n\t\t<\/div>\n\t\t\t\t\t\t\t<\/div>\n\t\t<\/section>\n\t\t\t\t<section class=\"elementor-section elementor-top-section elementor-element elementor-element-d7865ce elementor-section-boxed elementor-section-height-default elementor-section-height-default\" data-id=\"d7865ce\" data-element_type=\"section\">\n\t\t\t\t\t\t<div class=\"elementor-container elementor-column-gap-default\">\n\t\t\t\t\t<div class=\"elementor-column elementor-col-100 elementor-top-column elementor-element elementor-element-83683b4\" data-id=\"83683b4\" data-element_type=\"column\">\n\t\t\t<div class=\"elementor-widget-wrap elementor-element-populated\">\n\t\t\t\t\t\t\t\t<div class=\"elementor-element elementor-element-c69b30c elementor-widget elementor-widget-text-editor\" data-id=\"c69b30c\" data-element_type=\"widget\" data-widget_type=\"text-editor.default\">\n\t\t\t\t<div class=\"elementor-widget-container\">\n\t\t\t<style>\/*! elementor - v3.10.1 - 17-01-2023 *\/\n.elementor-widget-text-editor.elementor-drop-cap-view-stacked .elementor-drop-cap{background-color:#818a91;color:#fff}.elementor-widget-text-editor.elementor-drop-cap-view-framed .elementor-drop-cap{color:#818a91;border:3px solid;background-color:transparent}.elementor-widget-text-editor:not(.elementor-drop-cap-view-default) .elementor-drop-cap{margin-top:8px}.elementor-widget-text-editor:not(.elementor-drop-cap-view-default) .elementor-drop-cap-letter{width:1em;height:1em}.elementor-widget-text-editor .elementor-drop-cap{float:left;text-align:center;line-height:1;font-size:50px}.elementor-widget-text-editor .elementor-drop-cap-letter{display:inline-block}<\/style>\t\t\t\t<p>Als HPT sind wir bestrebt, die Qualit\u00e4t unserer Produkte st\u00e4ndig zu verbessern, indem wir unser Qualit\u00e4tssicherungssystem optimal nutzen.<\/p><p>Nachhaltigkeit bedeutet f\u00fcr uns in erster Linie, dass wir die Anforderungen unserer Kunden p\u00fcnktlich und unter Einhaltung aller Produktionsbedingungen erf\u00fcllen,<\/p><p>Bereitstellung von Dienstleistungen mit Produkten mit Zusatznutzen,<\/p><p>Gew\u00e4hrleistung der Kontinuit\u00e4t von Qualit\u00e4t und Kundenzufriedenheit,<\/p><p>Wir wollen die Anforderungen unserer Kunden so genau wie m\u00f6glich erf\u00fcllen, indem wir die technologischen Entwicklungen verfolgen und von ihnen profitieren,<\/p><p>Kostensenkung durch kontinuierliche Verbesserung der Prozess- und Produktzuverl\u00e4ssigkeit.<\/p>\t\t\t\t\t\t<\/div>\n\t\t\t\t<\/div>\n\t\t\t\t\t<\/div>\n\t\t<\/div>\n\t\t\t\t\t\t\t<\/div>\n\t\t<\/section>\n\t\t\t\t\t\t\t<\/div>\n\t\t","protected":false},"excerpt":{"rendered":"<p>Perfekte Produkte f\u00fcr die f\u00fchrenden Marken der Welt. Als HPT sind wir bestrebt, die Qualit\u00e4t unserer Produkte st\u00e4ndig zu verbessern, indem wir unser Qualit\u00e4tssicherungssystem optimal nutzen. Nachhaltigkeit bedeutet f\u00fcr uns in erster Linie, dass wir die Anforderungen unserer Kunden p\u00fcnktlich und unter Einhaltung aller Produktionsbedingungen erf\u00fcllen, Bereitstellung von Dienstleistungen mit Produkten mit Zusatznutzen, Gew\u00e4hrleistung der &hellip;<\/p>\n<p class=\"read-more\"> <a class=\"\" href=\"https:\/\/www.hpt.com.tr\/de\/unsere-qualitaetsziele\/\"> <span class=\"screen-reader-text\">Unsere Qualit\u00e4tsziele<\/span> Weiterlesen &raquo;<\/a><\/p>\n","protected":false},"author":1,"featured_media":0,"parent":0,"menu_order":0,"comment_status":"closed","ping_status":"closed","template":"","meta":{"site-sidebar-layout":"no-sidebar","site-content-layout":"page-builder","ast-global-header-display":"","ast-main-header-display":"","ast-hfb-above-header-display":"","ast-hfb-below-header-display":"","ast-hfb-mobile-header-display":"","site-post-title":"disabled","ast-breadcrumbs-content":"","ast-featured-img":"disabled","footer-sml-layout":"","theme-transparent-header-meta":"default","adv-header-id-meta":"","stick-header-meta":"","header-above-stick-meta":"","header-main-stick-meta":"","header-below-stick-meta":"","footnotes":""},"class_list":["post-1691","page","type-page","status-publish","hentry"],"_links":{"self":[{"href":"https:\/\/www.hpt.com.tr\/de\/wp-json\/wp\/v2\/pages\/1691","targetHints":{"allow":["GET"]}}],"collection":[{"href":"https:\/\/www.hpt.com.tr\/de\/wp-json\/wp\/v2\/pages"}],"about":[{"href":"https:\/\/www.hpt.com.tr\/de\/wp-json\/wp\/v2\/types\/page"}],"author":[{"embeddable":true,"href":"https:\/\/www.hpt.com.tr\/de\/wp-json\/wp\/v2\/users\/1"}],"replies":[{"embeddable":true,"href":"https:\/\/www.hpt.com.tr\/de\/wp-json\/wp\/v2\/comments?post=1691"}],"version-history":[{"count":7,"href":"https:\/\/www.hpt.com.tr\/de\/wp-json\/wp\/v2\/pages\/1691\/revisions"}],"predecessor-version":[{"id":1774,"href":"https:\/\/www.hpt.com.tr\/de\/wp-json\/wp\/v2\/pages\/1691\/revisions\/1774"}],"wp:attachment":[{"href":"https:\/\/www.hpt.com.tr\/de\/wp-json\/wp\/v2\/media?parent=1691"}],"curies":[{"name":"wp","href":"https:\/\/api.w.org\/{rel}","templated":true}]}}