{"id":1690,"date":"2022-12-08T14:01:08","date_gmt":"2022-12-08T14:01:08","guid":{"rendered":"https:\/\/www.hpt.com.tr\/kalite-politikamiz\/"},"modified":"2023-02-03T11:34:47","modified_gmt":"2023-02-03T11:34:47","slug":"unsere-qualitaetspolitik","status":"publish","type":"page","link":"https:\/\/www.hpt.com.tr\/de\/unsere-qualitaetspolitik\/","title":{"rendered":"Unsere Qualit\u00e4tspolitik"},"content":{"rendered":"\t\t<div data-elementor-type=\"wp-page\" data-elementor-id=\"1690\" class=\"elementor elementor-1690 elementor-237\">\n\t\t\t\t\t\t\t\t\t<section class=\"elementor-section elementor-top-section elementor-element elementor-element-467809d elementor-section-height-min-height elementor-section-boxed elementor-section-height-default elementor-section-items-middle\" data-id=\"467809d\" data-element_type=\"section\" data-settings=\"{&quot;background_background&quot;:&quot;classic&quot;}\">\n\t\t\t\t\t\t\t<div class=\"elementor-background-overlay\"><\/div>\n\t\t\t\t\t\t\t<div class=\"elementor-container elementor-column-gap-default\">\n\t\t\t\t\t<div class=\"elementor-column elementor-col-100 elementor-top-column elementor-element elementor-element-abf3872\" data-id=\"abf3872\" data-element_type=\"column\">\n\t\t\t<div class=\"elementor-widget-wrap elementor-element-populated\">\n\t\t\t\t\t\t\t\t<div class=\"elementor-element elementor-element-ea26225 elementor-widget elementor-widget-heading\" data-id=\"ea26225\" data-element_type=\"widget\" data-widget_type=\"heading.default\">\n\t\t\t\t<div class=\"elementor-widget-container\">\n\t\t\t<style>\/*! elementor - v3.10.1 - 17-01-2023 *\/\n.elementor-heading-title{padding:0;margin:0;line-height:1}.elementor-widget-heading .elementor-heading-title[class*=elementor-size-]>a{color:inherit;font-size:inherit;line-height:inherit}.elementor-widget-heading .elementor-heading-title.elementor-size-small{font-size:15px}.elementor-widget-heading .elementor-heading-title.elementor-size-medium{font-size:19px}.elementor-widget-heading .elementor-heading-title.elementor-size-large{font-size:29px}.elementor-widget-heading .elementor-heading-title.elementor-size-xl{font-size:39px}.elementor-widget-heading .elementor-heading-title.elementor-size-xxl{font-size:59px}<\/style><h1 class=\"elementor-heading-title elementor-size-default\">Unsere Qualit\u00e4tspolitik<\/h1>\t\t<\/div>\n\t\t\t\t<\/div>\n\t\t\t\t<div class=\"elementor-element elementor-element-742efa3 elementor-widget elementor-widget-heading\" data-id=\"742efa3\" data-element_type=\"widget\" data-widget_type=\"heading.default\">\n\t\t\t\t<div class=\"elementor-widget-container\">\n\t\t\t<h5 class=\"elementor-heading-title elementor-size-default\">Perfekte Produkte f\u00fcr die f\u00fchrenden Marken der Welt.<\/h5>\t\t<\/div>\n\t\t\t\t<\/div>\n\t\t\t\t\t<\/div>\n\t\t<\/div>\n\t\t\t\t\t\t\t<\/div>\n\t\t<\/section>\n\t\t\t\t<section class=\"elementor-section elementor-top-section elementor-element elementor-element-d7865ce elementor-section-boxed elementor-section-height-default elementor-section-height-default\" data-id=\"d7865ce\" data-element_type=\"section\">\n\t\t\t\t\t\t<div class=\"elementor-container elementor-column-gap-default\">\n\t\t\t\t\t<div class=\"elementor-column elementor-col-100 elementor-top-column elementor-element elementor-element-83683b4\" data-id=\"83683b4\" data-element_type=\"column\">\n\t\t\t<div class=\"elementor-widget-wrap elementor-element-populated\">\n\t\t\t\t\t\t\t\t<div class=\"elementor-element elementor-element-c69b30c elementor-widget elementor-widget-text-editor\" data-id=\"c69b30c\" data-element_type=\"widget\" data-widget_type=\"text-editor.default\">\n\t\t\t\t<div class=\"elementor-widget-container\">\n\t\t\t<style>\/*! elementor - v3.10.1 - 17-01-2023 *\/\n.elementor-widget-text-editor.elementor-drop-cap-view-stacked .elementor-drop-cap{background-color:#818a91;color:#fff}.elementor-widget-text-editor.elementor-drop-cap-view-framed .elementor-drop-cap{color:#818a91;border:3px solid;background-color:transparent}.elementor-widget-text-editor:not(.elementor-drop-cap-view-default) .elementor-drop-cap{margin-top:8px}.elementor-widget-text-editor:not(.elementor-drop-cap-view-default) .elementor-drop-cap-letter{width:1em;height:1em}.elementor-widget-text-editor .elementor-drop-cap{float:left;text-align:center;line-height:1;font-size:50px}.elementor-widget-text-editor .elementor-drop-cap-letter{display:inline-block}<\/style>\t\t\t\t<p>Um ein bevorzugter Hersteller im Bereich der mechanischen Bearbeitung zu werden, m\u00fcssen wir neben niedrigen Kosten, hoher Effizienz und der Einhaltung von Lieferverpflichtungen auch einen hohen Qualit\u00e4tsstandard erreichen und diesen kontinuierlich halten,<\/p><p>Als HPT ist es unsere Priorit\u00e4t, die Zufriedenheit unserer Kunden zu maximieren und einen Service zu bieten, der allen Qualit\u00e4tsstandards entspricht,<\/p><p>Wir wollen sicherstellen, dass unser gesamtes Personal das Qualit\u00e4tsbewusstsein in seiner Arbeit widerspiegelt, indem wir ihm die beste Ausbildung zukommen lassen, Fehlerquellen beseitigen und langfristige Beziehungen aufbauen, indem wir die Zuverl\u00e4ssigkeit der Produktqualit\u00e4t gegen\u00fcber unseren Kunden mit dem Bewusstsein f\u00fcr niedrige Kosten und hohe Effizienz offenlegen.<\/p>\t\t\t\t\t\t<\/div>\n\t\t\t\t<\/div>\n\t\t\t\t\t<\/div>\n\t\t<\/div>\n\t\t\t\t\t\t\t<\/div>\n\t\t<\/section>\n\t\t\t\t\t\t\t<\/div>\n\t\t","protected":false},"excerpt":{"rendered":"<p>Unsere Qualit\u00e4tspolitik Perfekte Produkte f\u00fcr die f\u00fchrenden Marken der Welt. Um ein bevorzugter Hersteller im Bereich der mechanischen Bearbeitung zu werden, m\u00fcssen wir neben niedrigen Kosten, hoher Effizienz und der Einhaltung von Lieferverpflichtungen auch einen hohen Qualit\u00e4tsstandard erreichen und diesen kontinuierlich halten, Als HPT ist es unsere Priorit\u00e4t, die Zufriedenheit unserer Kunden zu maximieren und &hellip;<\/p>\n<p class=\"read-more\"> <a class=\"\" href=\"https:\/\/www.hpt.com.tr\/de\/unsere-qualitaetspolitik\/\"> <span class=\"screen-reader-text\">Unsere Qualit\u00e4tspolitik<\/span> Weiterlesen &raquo;<\/a><\/p>\n","protected":false},"author":1,"featured_media":0,"parent":0,"menu_order":0,"comment_status":"closed","ping_status":"closed","template":"","meta":{"site-sidebar-layout":"no-sidebar","site-content-layout":"page-builder","ast-global-header-display":"","ast-main-header-display":"","ast-hfb-above-header-display":"","ast-hfb-below-header-display":"","ast-hfb-mobile-header-display":"","site-post-title":"disabled","ast-breadcrumbs-content":"","ast-featured-img":"disabled","footer-sml-layout":"","theme-transparent-header-meta":"default","adv-header-id-meta":"","stick-header-meta":"","header-above-stick-meta":"","header-main-stick-meta":"","header-below-stick-meta":"","footnotes":""},"class_list":["post-1690","page","type-page","status-publish","hentry"],"_links":{"self":[{"href":"https:\/\/www.hpt.com.tr\/de\/wp-json\/wp\/v2\/pages\/1690","targetHints":{"allow":["GET"]}}],"collection":[{"href":"https:\/\/www.hpt.com.tr\/de\/wp-json\/wp\/v2\/pages"}],"about":[{"href":"https:\/\/www.hpt.com.tr\/de\/wp-json\/wp\/v2\/types\/page"}],"author":[{"embeddable":true,"href":"https:\/\/www.hpt.com.tr\/de\/wp-json\/wp\/v2\/users\/1"}],"replies":[{"embeddable":true,"href":"https:\/\/www.hpt.com.tr\/de\/wp-json\/wp\/v2\/comments?post=1690"}],"version-history":[{"count":4,"href":"https:\/\/www.hpt.com.tr\/de\/wp-json\/wp\/v2\/pages\/1690\/revisions"}],"predecessor-version":[{"id":1778,"href":"https:\/\/www.hpt.com.tr\/de\/wp-json\/wp\/v2\/pages\/1690\/revisions\/1778"}],"wp:attachment":[{"href":"https:\/\/www.hpt.com.tr\/de\/wp-json\/wp\/v2\/media?parent=1690"}],"curies":[{"name":"wp","href":"https:\/\/api.w.org\/{rel}","templated":true}]}}