{"id":1686,"date":"2022-12-14T07:45:50","date_gmt":"2022-12-14T07:45:50","guid":{"rendered":"https:\/\/www.hpt.com.tr\/haberler\/"},"modified":"2023-02-03T13:13:33","modified_gmt":"2023-02-03T13:13:33","slug":"nachrichten","status":"publish","type":"page","link":"https:\/\/www.hpt.com.tr\/de\/nachrichten\/","title":{"rendered":"Nachrichten"},"content":{"rendered":"\t\t<div data-elementor-type=\"wp-page\" data-elementor-id=\"1686\" class=\"elementor elementor-1686 elementor-378\">\n\t\t\t\t\t\t\t\t\t<section class=\"elementor-section elementor-top-section elementor-element elementor-element-467809d elementor-section-height-min-height elementor-section-boxed elementor-section-height-default elementor-section-items-middle\" data-id=\"467809d\" data-element_type=\"section\" data-settings=\"{&quot;background_background&quot;:&quot;classic&quot;}\">\n\t\t\t\t\t\t\t<div class=\"elementor-background-overlay\"><\/div>\n\t\t\t\t\t\t\t<div class=\"elementor-container elementor-column-gap-default\">\n\t\t\t\t\t<div class=\"elementor-column elementor-col-100 elementor-top-column elementor-element elementor-element-abf3872\" data-id=\"abf3872\" data-element_type=\"column\">\n\t\t\t<div class=\"elementor-widget-wrap elementor-element-populated\">\n\t\t\t\t\t\t\t\t<div class=\"elementor-element elementor-element-ea26225 elementor-widget elementor-widget-heading\" data-id=\"ea26225\" data-element_type=\"widget\" data-widget_type=\"heading.default\">\n\t\t\t\t<div class=\"elementor-widget-container\">\n\t\t\t<style>\/*! elementor - v3.10.1 - 17-01-2023 *\/\n.elementor-heading-title{padding:0;margin:0;line-height:1}.elementor-widget-heading .elementor-heading-title[class*=elementor-size-]>a{color:inherit;font-size:inherit;line-height:inherit}.elementor-widget-heading .elementor-heading-title.elementor-size-small{font-size:15px}.elementor-widget-heading .elementor-heading-title.elementor-size-medium{font-size:19px}.elementor-widget-heading .elementor-heading-title.elementor-size-large{font-size:29px}.elementor-widget-heading .elementor-heading-title.elementor-size-xl{font-size:39px}.elementor-widget-heading .elementor-heading-title.elementor-size-xxl{font-size:59px}<\/style><h1 class=\"elementor-heading-title elementor-size-default\">Nachrichten<\/h1>\t\t<\/div>\n\t\t\t\t<\/div>\n\t\t\t\t<div class=\"elementor-element elementor-element-742efa3 elementor-widget elementor-widget-heading\" data-id=\"742efa3\" data-element_type=\"widget\" data-widget_type=\"heading.default\">\n\t\t\t\t<div class=\"elementor-widget-container\">\n\t\t\t<h5 class=\"elementor-heading-title elementor-size-default\">Perfekte Produkte f\u00fcr die f\u00fchrenden Marken der Welt.<\/h5>\t\t<\/div>\n\t\t\t\t<\/div>\n\t\t\t\t\t<\/div>\n\t\t<\/div>\n\t\t\t\t\t\t\t<\/div>\n\t\t<\/section>\n\t\t\t\t<section class=\"elementor-section elementor-top-section elementor-element elementor-element-d7865ce elementor-section-boxed elementor-section-height-default elementor-section-height-default\" data-id=\"d7865ce\" data-element_type=\"section\">\n\t\t\t\t\t\t<div class=\"elementor-container elementor-column-gap-default\">\n\t\t\t\t\t<div class=\"elementor-column elementor-col-100 elementor-top-column elementor-element elementor-element-83683b4\" data-id=\"83683b4\" data-element_type=\"column\">\n\t\t\t<div class=\"elementor-widget-wrap elementor-element-populated\">\n\t\t\t\t\t\t\t\t<div class=\"elementor-element elementor-element-c14c5d2 elementor-grid-3 elementor-grid-tablet-2 elementor-grid-mobile-1 elementor-posts--thumbnail-top elementor-widget elementor-widget-posts\" data-id=\"c14c5d2\" data-element_type=\"widget\" data-settings=\"{&quot;classic_row_gap&quot;:{&quot;unit&quot;:&quot;px&quot;,&quot;size&quot;:25,&quot;sizes&quot;:[]},&quot;pagination_type&quot;:&quot;numbers_and_prev_next&quot;,&quot;classic_columns&quot;:&quot;3&quot;,&quot;classic_columns_tablet&quot;:&quot;2&quot;,&quot;classic_columns_mobile&quot;:&quot;1&quot;,&quot;classic_row_gap_tablet&quot;:{&quot;unit&quot;:&quot;px&quot;,&quot;size&quot;:&quot;&quot;,&quot;sizes&quot;:[]},&quot;classic_row_gap_mobile&quot;:{&quot;unit&quot;:&quot;px&quot;,&quot;size&quot;:&quot;&quot;,&quot;sizes&quot;:[]}}\" data-widget_type=\"posts.classic\">\n\t\t\t\t<div class=\"elementor-widget-container\">\n\t\t\t<link rel=\"stylesheet\" href=\"https:\/\/www.hpt.com.tr\/wp-content\/plugins\/elementor-pro\/assets\/css\/widget-posts.min.css\">\t\t<div class=\"elementor-posts-container elementor-posts elementor-posts--skin-classic elementor-grid\">\n\t\t\t\t<article class=\"elementor-post elementor-grid-item post-1815 post type-post status-publish format-standard has-post-thumbnail hentry category-nachricht\">\n\t\t\t\t<a class=\"elementor-post__thumbnail__link\" href=\"https:\/\/www.hpt.com.tr\/de\/bmw-group\/\" >\n\t\t\t<div class=\"elementor-post__thumbnail\"><img loading=\"lazy\" decoding=\"async\" width=\"700\" height=\"400\" src=\"https:\/\/www.hpt.com.tr\/wp-content\/uploads\/2022\/12\/10122019-214138-hpt.jpg\" class=\"attachment-large size-large wp-image-1469\" alt=\"\" srcset=\"https:\/\/www.hpt.com.tr\/wp-content\/uploads\/2022\/12\/10122019-214138-hpt.jpg 700w, https:\/\/www.hpt.com.tr\/wp-content\/uploads\/2022\/12\/10122019-214138-hpt-300x171.jpg 300w\" sizes=\"auto, (max-width: 700px) 100vw, 700px\" \/><\/div>\n\t\t<\/a>\n\t\t\t\t<div class=\"elementor-post__text\">\n\t\t\t\t<h3 class=\"elementor-post__title\">\n\t\t\t<a href=\"https:\/\/www.hpt.com.tr\/de\/bmw-group\/\" >\n\t\t\t\tBMW Group\t\t\t<\/a>\n\t\t<\/h3>\n\t\t\t\t<div class=\"elementor-post__excerpt\">\n\t\t\t<p>Am 15.10.2019 haben wir das von der BMW GROUP durchgef\u00fchrte Lieferanten-Produktions- und Qualit\u00e4tsaudit erfolgreich abgeschlossen. Wir danken der BMW GROUP, dass sie sich f\u00fcr uns entschieden hat.<\/p>\n\t\t<\/div>\n\t\t\n\t\t<a class=\"elementor-post__read-more\" href=\"https:\/\/www.hpt.com.tr\/de\/bmw-group\/\" >\n\t\t\tMEHR LESEN \u00bb\t\t<\/a>\n\n\t\t\t\t<\/div>\n\t\t\t\t<\/article>\n\t\t\t\t<article class=\"elementor-post elementor-grid-item post-1816 post type-post status-publish format-standard has-post-thumbnail hentry category-nachricht\">\n\t\t\t\t<a class=\"elementor-post__thumbnail__link\" href=\"https:\/\/www.hpt.com.tr\/de\/omp-pumps\/\" >\n\t\t\t<div class=\"elementor-post__thumbnail\"><img loading=\"lazy\" decoding=\"async\" width=\"250\" height=\"250\" src=\"https:\/\/www.hpt.com.tr\/wp-content\/uploads\/2022\/12\/10122019-214229-hpt.jpg\" class=\"attachment-large size-large wp-image-1470\" alt=\"\" srcset=\"https:\/\/www.hpt.com.tr\/wp-content\/uploads\/2022\/12\/10122019-214229-hpt.jpg 250w, https:\/\/www.hpt.com.tr\/wp-content\/uploads\/2022\/12\/10122019-214229-hpt-150x150.jpg 150w\" sizes=\"auto, (max-width: 250px) 100vw, 250px\" \/><\/div>\n\t\t<\/a>\n\t\t\t\t<div class=\"elementor-post__text\">\n\t\t\t\t<h3 class=\"elementor-post__title\">\n\t\t\t<a href=\"https:\/\/www.hpt.com.tr\/de\/omp-pumps\/\" >\n\t\t\t\tOMP Pumps\t\t\t<\/a>\n\t\t<\/h3>\n\t\t\t\t<div class=\"elementor-post__excerpt\">\n\t\t\t<p>Am 24.06.2019 haben wir das Produktions- und Qualit\u00e4tsaudit durch unseren neuen Kunden OMP PUMPS erfolgreich abgeschlossen. Wir m\u00f6chten OMP PUMPS daf\u00fcr danken, dass sie sich f\u00fcr uns entschieden haben.<\/p>\n\t\t<\/div>\n\t\t\n\t\t<a class=\"elementor-post__read-more\" href=\"https:\/\/www.hpt.com.tr\/de\/omp-pumps\/\" >\n\t\t\tMEHR LESEN \u00bb\t\t<\/a>\n\n\t\t\t\t<\/div>\n\t\t\t\t<\/article>\n\t\t\t\t<article class=\"elementor-post elementor-grid-item post-1817 post type-post status-publish format-standard has-post-thumbnail hentry category-nachricht\">\n\t\t\t\t<a class=\"elementor-post__thumbnail__link\" href=\"https:\/\/www.hpt.com.tr\/de\/otomobil-yag-pompasi-miline-hpt-damgasi\/\" >\n\t\t\t<div class=\"elementor-post__thumbnail\"><img loading=\"lazy\" decoding=\"async\" width=\"593\" height=\"474\" src=\"https:\/\/www.hpt.com.tr\/wp-content\/uploads\/2022\/12\/10062019-233157-hpt.jpg\" class=\"attachment-large size-large wp-image-1471\" alt=\"\" srcset=\"https:\/\/www.hpt.com.tr\/wp-content\/uploads\/2022\/12\/10062019-233157-hpt.jpg 593w, https:\/\/www.hpt.com.tr\/wp-content\/uploads\/2022\/12\/10062019-233157-hpt-300x240.jpg 300w\" sizes=\"auto, (max-width: 593px) 100vw, 593px\" \/><\/div>\n\t\t<\/a>\n\t\t\t\t<div class=\"elementor-post__text\">\n\t\t\t\t<h3 class=\"elementor-post__title\">\n\t\t\t<a href=\"https:\/\/www.hpt.com.tr\/de\/otomobil-yag-pompasi-miline-hpt-damgasi\/\" >\n\t\t\t\tHPT-Stempel auf der \u00d6lpumpenwelle eines Automobils\t\t\t<\/a>\n\t\t<\/h3>\n\t\t\t\t<div class=\"elementor-post__excerpt\">\n\t\t\t<p>17 % der in Europa produzierten Fahrzeuge haben \u00d6lpumpenwellen von HPT. Wie in einem Interview in der Zeitung \u00c7\u00f6z\u00fcm im April 2009 erw\u00e4hnt, produzieren wir als HPT Hartner Technical Parts die \u00d6lpumpenwelle in 17% der in Europa produzierten Autos. Heute haben 3 Millionen 500 Tausend von 20 Millionen Autos HPT Hartner \u00d6lpumpenwellen.<\/p>\n\t\t<\/div>\n\t\t\n\t\t<a class=\"elementor-post__read-more\" href=\"https:\/\/www.hpt.com.tr\/de\/otomobil-yag-pompasi-miline-hpt-damgasi\/\" >\n\t\t\tMEHR LESEN \u00bb\t\t<\/a>\n\n\t\t\t\t<\/div>\n\t\t\t\t<\/article>\n\t\t\t\t<article class=\"elementor-post elementor-grid-item post-1818 post type-post status-publish format-standard has-post-thumbnail hentry category-nachricht\">\n\t\t\t\t<a class=\"elementor-post__thumbnail__link\" href=\"https:\/\/www.hpt.com.tr\/de\/yeniasir-er-wurde-eigentuemer-der-fabrik-in-der-er-sein-praktikum-in-deutschland-absolvierte\/\" >\n\t\t\t<div class=\"elementor-post__thumbnail\"><img loading=\"lazy\" decoding=\"async\" width=\"230\" height=\"164\" src=\"https:\/\/www.hpt.com.tr\/wp-content\/uploads\/2022\/12\/10062019-232804-hpt.jpg\" class=\"attachment-large size-large wp-image-1472\" alt=\"\" \/><\/div>\n\t\t<\/a>\n\t\t\t\t<div class=\"elementor-post__text\">\n\t\t\t\t<h3 class=\"elementor-post__title\">\n\t\t\t<a href=\"https:\/\/www.hpt.com.tr\/de\/yeniasir-er-wurde-eigentuemer-der-fabrik-in-der-er-sein-praktikum-in-deutschland-absolvierte\/\" >\n\t\t\t\tYenias\u0131r \/ Er wurde Eigent\u00fcmer der Fabrik, in der er sein Praktikum in Deutschland absolvierte\t\t\t<\/a>\n\t\t<\/h3>\n\t\t\t\t<div class=\"elementor-post__excerpt\">\n\t\t\t<p>\u00d6zer K\u00fc\u00e7\u00fckg\u00f6l, der in Frankfurt Maschinenbau studiert hat, \u00fcberzeugte das Unternehmen HPT Hartner, das \u00d6lwellen herstellt und bei dem er w\u00e4hrend seines Studiums ein Praktikum absolvierte, in Izmir zu investieren und wurde Partner. K\u00fc\u00e7\u00fckg\u00f6l, der sein Gesch\u00e4ft ausbaute, kaufte schlie\u00dflich das gesamte Unternehmen.<\/p>\n\t\t<\/div>\n\t\t\n\t\t<a class=\"elementor-post__read-more\" href=\"https:\/\/www.hpt.com.tr\/de\/yeniasir-er-wurde-eigentuemer-der-fabrik-in-der-er-sein-praktikum-in-deutschland-absolvierte\/\" >\n\t\t\tMEHR LESEN \u00bb\t\t<\/a>\n\n\t\t\t\t<\/div>\n\t\t\t\t<\/article>\n\t\t\t\t<article class=\"elementor-post elementor-grid-item post-1819 post type-post status-publish format-standard has-post-thumbnail hentry category-nachricht\">\n\t\t\t\t<a class=\"elementor-post__thumbnail__link\" href=\"https:\/\/www.hpt.com.tr\/de\/wir-haben-das-izka-projekt-erfolgreich-abgeschlossen\/\" >\n\t\t\t<div class=\"elementor-post__thumbnail\"><img loading=\"lazy\" decoding=\"async\" width=\"800\" height=\"531\" src=\"https:\/\/www.hpt.com.tr\/wp-content\/uploads\/2022\/12\/10062019-232120-hpt.jpg\" class=\"attachment-large size-large wp-image-1473\" alt=\"\" srcset=\"https:\/\/www.hpt.com.tr\/wp-content\/uploads\/2022\/12\/10062019-232120-hpt.jpg 800w, https:\/\/www.hpt.com.tr\/wp-content\/uploads\/2022\/12\/10062019-232120-hpt-300x199.jpg 300w, https:\/\/www.hpt.com.tr\/wp-content\/uploads\/2022\/12\/10062019-232120-hpt-768x510.jpg 768w\" sizes=\"auto, (max-width: 800px) 100vw, 800px\" \/><\/div>\n\t\t<\/a>\n\t\t\t\t<div class=\"elementor-post__text\">\n\t\t\t\t<h3 class=\"elementor-post__title\">\n\t\t\t<a href=\"https:\/\/www.hpt.com.tr\/de\/wir-haben-das-izka-projekt-erfolgreich-abgeschlossen\/\" >\n\t\t\t\tWir haben das IZKA-Projekt erfolgreich abgeschlossen\t\t\t<\/a>\n\t\t<\/h3>\n\t\t\t\t<div class=\"elementor-post__excerpt\">\n\t\t\t<p>Verkauft Teile an Europas Automobilgiganten. HPT Hartner, das mit der von \u0130ZKA unterst\u00fctzten Investition um 20 % wuchs, produziert 15 % der \u00d6lpumpenwellen in Europa.<\/p>\n\t\t<\/div>\n\t\t\n\t\t<a class=\"elementor-post__read-more\" href=\"https:\/\/www.hpt.com.tr\/de\/wir-haben-das-izka-projekt-erfolgreich-abgeschlossen\/\" >\n\t\t\tMEHR LESEN \u00bb\t\t<\/a>\n\n\t\t\t\t<\/div>\n\t\t\t\t<\/article>\n\t\t\t\t<article class=\"elementor-post elementor-grid-item post-1820 post type-post status-publish format-standard has-post-thumbnail hentry category-nachricht\">\n\t\t\t\t<a class=\"elementor-post__thumbnail__link\" href=\"https:\/\/www.hpt.com.tr\/de\/wir-produzieren-einwandfrei-mit-dem-800\/\" >\n\t\t\t<div class=\"elementor-post__thumbnail\"><img loading=\"lazy\" decoding=\"async\" width=\"1024\" height=\"489\" src=\"https:\/\/www.hpt.com.tr\/wp-content\/uploads\/2022\/12\/02042019-210348-hpt-1024x489.jpg\" class=\"attachment-large size-large wp-image-1475\" alt=\"\" srcset=\"https:\/\/www.hpt.com.tr\/wp-content\/uploads\/2022\/12\/02042019-210348-hpt-1024x489.jpg 1024w, https:\/\/www.hpt.com.tr\/wp-content\/uploads\/2022\/12\/02042019-210348-hpt-300x143.jpg 300w, https:\/\/www.hpt.com.tr\/wp-content\/uploads\/2022\/12\/02042019-210348-hpt-768x367.jpg 768w, https:\/\/www.hpt.com.tr\/wp-content\/uploads\/2022\/12\/02042019-210348-hpt.jpg 1200w\" sizes=\"auto, (max-width: 1024px) 100vw, 1024px\" \/><\/div>\n\t\t<\/a>\n\t\t\t\t<div class=\"elementor-post__text\">\n\t\t\t\t<h3 class=\"elementor-post__title\">\n\t\t\t<a href=\"https:\/\/www.hpt.com.tr\/de\/wir-produzieren-einwandfrei-mit-dem-800\/\" >\n\t\t\t\t\u201cWir produzieren einwandfrei mit dem 800.\u201d\t\t\t<\/a>\n\t\t<\/h3>\n\t\t\t\t<div class=\"elementor-post__excerpt\">\n\t\t\t<p>Wie haben Sie die Industrie kennengelernt? 1977, als ich noch ein Kind war, war ich auf der EMO Hannover als Dolmetscher f\u00fcr einen Industriellen aus Izmir anwesend. So habe ich die Industrie kennengelernt. Nach 1987 war ich als junger Ingenieur in der Industrie t\u00e4tig.<\/p>\n\t\t<\/div>\n\t\t\n\t\t<a class=\"elementor-post__read-more\" href=\"https:\/\/www.hpt.com.tr\/de\/wir-produzieren-einwandfrei-mit-dem-800\/\" >\n\t\t\tMEHR LESEN \u00bb\t\t<\/a>\n\n\t\t\t\t<\/div>\n\t\t\t\t<\/article>\n\t\t\t\t<article class=\"elementor-post elementor-grid-item post-1821 post type-post status-publish format-standard has-post-thumbnail hentry category-nachricht\">\n\t\t\t\t<a class=\"elementor-post__thumbnail__link\" href=\"https:\/\/www.hpt.com.tr\/de\/hpt-hartner-von-frueher-bis-heute\/\" >\n\t\t\t<div class=\"elementor-post__thumbnail\"><img loading=\"lazy\" decoding=\"async\" width=\"964\" height=\"900\" src=\"https:\/\/www.hpt.com.tr\/wp-content\/uploads\/2022\/12\/02042019-210140-hpt-1.jpg\" class=\"attachment-large size-large wp-image-1477\" alt=\"\" srcset=\"https:\/\/www.hpt.com.tr\/wp-content\/uploads\/2022\/12\/02042019-210140-hpt-1.jpg 964w, https:\/\/www.hpt.com.tr\/wp-content\/uploads\/2022\/12\/02042019-210140-hpt-1-300x280.jpg 300w, https:\/\/www.hpt.com.tr\/wp-content\/uploads\/2022\/12\/02042019-210140-hpt-1-768x717.jpg 768w\" sizes=\"auto, (max-width: 964px) 100vw, 964px\" \/><\/div>\n\t\t<\/a>\n\t\t\t\t<div class=\"elementor-post__text\">\n\t\t\t\t<h3 class=\"elementor-post__title\">\n\t\t\t<a href=\"https:\/\/www.hpt.com.tr\/de\/hpt-hartner-von-frueher-bis-heute\/\" >\n\t\t\t\tHPT HARTNER von fr\u00fcher bis heute\t\t\t<\/a>\n\t\t<\/h3>\n\t\t\t\t<div class=\"elementor-post__excerpt\">\n\t\t\t<p>\u00d6zer K\u00fc\u00e7\u00fckg\u00f6l, der HPT Hartner zu einem Hersteller von Weltrang gemacht hat, ist ein Mensch, der sowohl vor Lebensfreude als auch vor Liebe zur Produktion nur so strotzt. Er ist aktiv, dynamisch und fr\u00f6hlich genug, um die erste Person, die ihn kennenlernt, zu \u00fcberraschen&#8230;<\/p>\n\t\t<\/div>\n\t\t\n\t\t<a class=\"elementor-post__read-more\" href=\"https:\/\/www.hpt.com.tr\/de\/hpt-hartner-von-frueher-bis-heute\/\" >\n\t\t\tMEHR LESEN \u00bb\t\t<\/a>\n\n\t\t\t\t<\/div>\n\t\t\t\t<\/article>\n\t\t\t\t<article class=\"elementor-post elementor-grid-item post-1822 post type-post status-publish format-standard has-post-thumbnail hentry category-nachricht\">\n\t\t\t\t<a class=\"elementor-post__thumbnail__link\" href=\"https:\/\/www.hpt.com.tr\/de\/er-wurde-eigentuemer-der-fabrik-in-der-er-in-deutschland-arbeitete\/\" >\n\t\t\t<div class=\"elementor-post__thumbnail\"><img loading=\"lazy\" decoding=\"async\" width=\"659\" height=\"460\" src=\"https:\/\/www.hpt.com.tr\/wp-content\/uploads\/2022\/12\/02042019-204349-hpt.jpg\" class=\"attachment-large size-large wp-image-1478\" alt=\"\" srcset=\"https:\/\/www.hpt.com.tr\/wp-content\/uploads\/2022\/12\/02042019-204349-hpt.jpg 659w, https:\/\/www.hpt.com.tr\/wp-content\/uploads\/2022\/12\/02042019-204349-hpt-300x209.jpg 300w\" sizes=\"auto, (max-width: 659px) 100vw, 659px\" \/><\/div>\n\t\t<\/a>\n\t\t\t\t<div class=\"elementor-post__text\">\n\t\t\t\t<h3 class=\"elementor-post__title\">\n\t\t\t<a href=\"https:\/\/www.hpt.com.tr\/de\/er-wurde-eigentuemer-der-fabrik-in-der-er-in-deutschland-arbeitete\/\" >\n\t\t\t\tEr wurde Eigent\u00fcmer der Fabrik, in der er in Deutschland arbeitete.\t\t\t<\/a>\n\t\t<\/h3>\n\t\t\t\t<div class=\"elementor-post__excerpt\">\n\t\t\t<p>Der Maschinenbauunternehmer \u00d6zcan K\u00fc\u00e7\u00fckg\u00f6l, der die Chefs des Automobilunternehmens HPT Hartner, bei dem er in Deutschland ein Praktikum absolvierte, davon \u00fcberzeugte, in Izmir zu investieren, baute das Unternehmen mit neuen Investitionen aus und wurde Eigent\u00fcmer der Fabrik. K\u00fc\u00e7\u00fckg\u00f6l, der die Fabrik von Frankfurt in die \u00c4g\u00e4ische Freizone brachte, sagte: &#8222;Es ist die gr\u00f6\u00dfte Ehre f\u00fcr mich, in meinem Land zu produzieren und Arbeitspl\u00e4tze zu schaffen.&#8220; <\/p>\n\t\t<\/div>\n\t\t\n\t\t<a class=\"elementor-post__read-more\" href=\"https:\/\/www.hpt.com.tr\/de\/er-wurde-eigentuemer-der-fabrik-in-der-er-in-deutschland-arbeitete\/\" >\n\t\t\tMEHR LESEN \u00bb\t\t<\/a>\n\n\t\t\t\t<\/div>\n\t\t\t\t<\/article>\n\t\t\t\t<article class=\"elementor-post elementor-grid-item post-1823 post type-post status-publish format-standard has-post-thumbnail hentry category-nachricht\">\n\t\t\t\t<a class=\"elementor-post__thumbnail__link\" href=\"https:\/\/www.hpt.com.tr\/de\/begann-als-praktikant-und-wurde-eigentuemer-des-unternehmens\/\" >\n\t\t\t<div class=\"elementor-post__thumbnail\"><img loading=\"lazy\" decoding=\"async\" width=\"693\" height=\"900\" src=\"https:\/\/www.hpt.com.tr\/wp-content\/uploads\/2022\/12\/02042019-205242-hpt.jpg\" class=\"attachment-large size-large wp-image-1479\" alt=\"\" srcset=\"https:\/\/www.hpt.com.tr\/wp-content\/uploads\/2022\/12\/02042019-205242-hpt.jpg 693w, https:\/\/www.hpt.com.tr\/wp-content\/uploads\/2022\/12\/02042019-205242-hpt-231x300.jpg 231w\" sizes=\"auto, (max-width: 693px) 100vw, 693px\" \/><\/div>\n\t\t<\/a>\n\t\t\t\t<div class=\"elementor-post__text\">\n\t\t\t\t<h3 class=\"elementor-post__title\">\n\t\t\t<a href=\"https:\/\/www.hpt.com.tr\/de\/begann-als-praktikant-und-wurde-eigentuemer-des-unternehmens\/\" >\n\t\t\t\tBegann als Praktikant und wurde Eigent\u00fcmer des Unternehmens\t\t\t<\/a>\n\t\t<\/h3>\n\t\t\t\t<div class=\"elementor-post__excerpt\">\n\t\t\t<p>Alles beginnt auf der EMO-Messe in Hannover, die er mit einem befreundeten Industriellen der Familie besucht. Die magische Welt des Metalls bestimmt auch seine Wahl der Ausbildung. <\/p>\n\t\t<\/div>\n\t\t\n\t\t<a class=\"elementor-post__read-more\" href=\"https:\/\/www.hpt.com.tr\/de\/begann-als-praktikant-und-wurde-eigentuemer-des-unternehmens\/\" >\n\t\t\tMEHR LESEN \u00bb\t\t<\/a>\n\n\t\t\t\t<\/div>\n\t\t\t\t<\/article>\n\t\t\t\t<article class=\"elementor-post elementor-grid-item post-1824 post type-post status-publish format-standard has-post-thumbnail hentry category-nachricht\">\n\t\t\t\t<a class=\"elementor-post__thumbnail__link\" href=\"https:\/\/www.hpt.com.tr\/de\/hpt-hartner-erhoeht-anteil-in-europa-auf-15-prozent\/\" >\n\t\t\t<div class=\"elementor-post__thumbnail\"><img loading=\"lazy\" decoding=\"async\" width=\"600\" height=\"400\" src=\"https:\/\/www.hpt.com.tr\/wp-content\/uploads\/2022\/12\/02042019-194343-hpt.jpg\" class=\"attachment-large size-large wp-image-1482\" alt=\"\" srcset=\"https:\/\/www.hpt.com.tr\/wp-content\/uploads\/2022\/12\/02042019-194343-hpt.jpg 600w, https:\/\/www.hpt.com.tr\/wp-content\/uploads\/2022\/12\/02042019-194343-hpt-300x200.jpg 300w\" sizes=\"auto, (max-width: 600px) 100vw, 600px\" \/><\/div>\n\t\t<\/a>\n\t\t\t\t<div class=\"elementor-post__text\">\n\t\t\t\t<h3 class=\"elementor-post__title\">\n\t\t\t<a href=\"https:\/\/www.hpt.com.tr\/de\/hpt-hartner-erhoeht-anteil-in-europa-auf-15-prozent\/\" >\n\t\t\t\tHPT Hartner erh\u00f6ht Anteil in Europa auf 15 Prozent\t\t\t<\/a>\n\t\t<\/h3>\n\t\t\t\t<div class=\"elementor-post__excerpt\">\n\t\t\t<p>Herr K\u00fc\u00e7\u00fckg\u00f6l, HPT Hartner Company Manager, sagte: `Wir produzieren f\u00fcr Weltautogiganten wie Mercedes, Volvo und BMW. <\/p>\n\t\t<\/div>\n\t\t\n\t\t<a class=\"elementor-post__read-more\" href=\"https:\/\/www.hpt.com.tr\/de\/hpt-hartner-erhoeht-anteil-in-europa-auf-15-prozent\/\" >\n\t\t\tMEHR LESEN \u00bb\t\t<\/a>\n\n\t\t\t\t<\/div>\n\t\t\t\t<\/article>\n\t\t\t\t<\/div>\n\t\t\n\t\t\t\t<\/div>\n\t\t\t\t<\/div>\n\t\t\t\t\t<\/div>\n\t\t<\/div>\n\t\t\t\t\t\t\t<\/div>\n\t\t<\/section>\n\t\t\t\t\t\t\t<\/div>\n\t\t","protected":false},"excerpt":{"rendered":"<p>Perfekte Produkte f\u00fcr die f\u00fchrenden Marken der Welt.<\/p>\n","protected":false},"author":1,"featured_media":0,"parent":0,"menu_order":0,"comment_status":"closed","ping_status":"closed","template":"","meta":{"site-sidebar-layout":"no-sidebar","site-content-layout":"page-builder","ast-global-header-display":"","ast-main-header-display":"","ast-hfb-above-header-display":"","ast-hfb-below-header-display":"","ast-hfb-mobile-header-display":"","site-post-title":"disabled","ast-breadcrumbs-content":"","ast-featured-img":"disabled","footer-sml-layout":"","theme-transparent-header-meta":"default","adv-header-id-meta":"","stick-header-meta":"","header-above-stick-meta":"","header-main-stick-meta":"","header-below-stick-meta":"","footnotes":""},"class_list":["post-1686","page","type-page","status-publish","hentry"],"_links":{"self":[{"href":"https:\/\/www.hpt.com.tr\/de\/wp-json\/wp\/v2\/pages\/1686","targetHints":{"allow":["GET"]}}],"collection":[{"href":"https:\/\/www.hpt.com.tr\/de\/wp-json\/wp\/v2\/pages"}],"about":[{"href":"https:\/\/www.hpt.com.tr\/de\/wp-json\/wp\/v2\/types\/page"}],"author":[{"embeddable":true,"href":"https:\/\/www.hpt.com.tr\/de\/wp-json\/wp\/v2\/users\/1"}],"replies":[{"embeddable":true,"href":"https:\/\/www.hpt.com.tr\/de\/wp-json\/wp\/v2\/comments?post=1686"}],"version-history":[{"count":7,"href":"https:\/\/www.hpt.com.tr\/de\/wp-json\/wp\/v2\/pages\/1686\/revisions"}],"predecessor-version":[{"id":1828,"href":"https:\/\/www.hpt.com.tr\/de\/wp-json\/wp\/v2\/pages\/1686\/revisions\/1828"}],"wp:attachment":[{"href":"https:\/\/www.hpt.com.tr\/de\/wp-json\/wp\/v2\/media?parent=1686"}],"curies":[{"name":"wp","href":"https:\/\/api.w.org\/{rel}","templated":true}]}}